{"id":976,"date":"2026-01-04T16:44:19","date_gmt":"2026-01-04T16:44:19","guid":{"rendered":"https:\/\/khorlan.companysite.site\/?page_id=976"},"modified":"2026-03-20T02:44:25","modified_gmt":"2026-03-20T02:44:25","slug":"insights","status":"publish","type":"page","link":"https:\/\/www.khorlanwealth.com\/es\/insights\/","title":{"rendered":"Insights Globales"},"content":{"rendered":"<div data-elementor-type=\"wp-page\" data-elementor-id=\"976\" class=\"elementor elementor-976\">\n\t\t\t\t<div class=\"elementor-element elementor-element-c33a053 e-flex e-con-boxed e-con e-parent\" data-id=\"c33a053\" data-element_type=\"container\" data-e-type=\"container\" data-settings=\"{&quot;background_background&quot;:&quot;classic&quot;}\">\n\t\t\t\t\t<div class=\"e-con-inner\">\n\t\t<div class=\"elementor-element elementor-element-58795cb e-con-full e-flex e-con e-child\" data-id=\"58795cb\" data-element_type=\"container\" data-e-type=\"container\">\n\t\t<div class=\"elementor-element elementor-element-61e90ec e-con-full e-flex e-con e-child\" data-id=\"61e90ec\" data-element_type=\"container\" data-e-type=\"container\">\n\t\t\t\t<div class=\"elementor-element elementor-element-9e34cd6 elementor-widget elementor-widget-heading\" data-id=\"9e34cd6\" data-element_type=\"widget\" data-e-type=\"widget\" data-widget_type=\"heading.default\">\n\t\t\t\t\t<h2 class=\"elementor-heading-title elementor-size-default\">Insights Globales<\/h2>\t\t\t\t<\/div>\n\t\t\t\t<div class=\"elementor-element elementor-element-cedab43 elementor-widget elementor-widget-heading\" data-id=\"cedab43\" data-element_type=\"widget\" data-e-type=\"widget\" data-widget_type=\"heading.default\">\n\t\t\t\t\t<h4 class=\"elementor-heading-title elementor-size-default\">An\u00e1lisis estrat\u00e9gico, dise\u00f1ado para inversionistas exigentes<\/h4>\t\t\t\t<\/div>\n\t\t\t\t<div class=\"elementor-element elementor-element-75a6918 elementor-widget elementor-widget-text-editor\" data-id=\"75a6918\" data-element_type=\"widget\" data-e-type=\"widget\" data-widget_type=\"text-editor.default\">\n\t\t\t\t\t\t\t\t\t<p>Mientras que los bancos privados y los gestores tradicionales de patrimonio suelen ofrecer acceso a deuda y renta variable de mercados emergentes, sus propuestas est\u00e1n, en muchos casos, pensadas para mandatos institucionales, careciendo de la profundidad, flexibilidad y especializaci\u00f3n que requieren los inversionistas de alto patrimonio y los family offices.<\/p><p>En Khorlan Wealth Management combinamos m\u00e1s de tres d\u00e9cadas de experiencia en trading, estructuraci\u00f3n y gesti\u00f3n de portafolios en mercados emergentes con un enfoque centrado en el cliente. Ofrecemos an\u00e1lisis, precios indicativos y asesor\u00eda estrat\u00e9gica de nivel institucional, sin la rigidez propia de las estructuras institucionales tradicionales.<\/p>\t\t\t\t\t\t\t\t<\/div>\n\t\t\t\t<div class=\"elementor-element elementor-element-9e8a734 elementor-widget elementor-widget-heading\" data-id=\"9e8a734\" data-element_type=\"widget\" data-e-type=\"widget\" data-widget_type=\"heading.default\">\n\t\t\t\t\t<h5 class=\"elementor-heading-title elementor-size-default\"><a href=\"\/es\/sign-in\/\"><span style=\"font-weight: 800\">Khorlan Markets Insights Portal<\/span><\/a><\/h5>\t\t\t\t<\/div>\n\t\t\t\t<div class=\"elementor-element elementor-element-4e2dc9a custom-btn-pearl elementor-widget elementor-widget-button\" data-id=\"4e2dc9a\" data-element_type=\"widget\" data-e-type=\"widget\" data-widget_type=\"button.default\">\n\t\t\t\t\t\t\t\t\t\t<a class=\"elementor-button elementor-button-link elementor-size-sm\" href=\"\/es\/sign-in\/\">\n\t\t\t\t\t\t<span class=\"elementor-button-content-wrapper\">\n\t\t\t\t\t\t\t\t\t<span class=\"elementor-button-text\">Acceder<\/span>\n\t\t\t\t\t<\/span>\n\t\t\t\t\t<\/a>\n\t\t\t\t\t\t\t\t<\/div>\n\t\t\t\t<\/div>\n\t\t\t\t<\/div>\n\t\t\t\t\t<\/div>\n\t\t\t\t<\/div>\n\t\t\t\t<\/div>","protected":false},"excerpt":{"rendered":"<p>Global Insights Strategic Insight, Tailored for Discerning Investors While private banks and traditional wealth managers may provide access to emerging market debt and equities, their offerings are often designed for institutional mandates\u2014lacking the nuance and specialization that high-net-worth individuals and family offices require. At Khorlan Wealth Management, we combine over three decades of experience in [&hellip;]<\/p>\n","protected":false},"author":1,"featured_media":0,"parent":0,"menu_order":6,"comment_status":"closed","ping_status":"closed","template":"","meta":{"footnotes":""},"class_list":["post-976","page","type-page","status-publish","hentry"],"_links":{"self":[{"href":"https:\/\/www.khorlanwealth.com\/es\/wp-json\/wp\/v2\/pages\/976","targetHints":{"allow":["GET"]}}],"collection":[{"href":"https:\/\/www.khorlanwealth.com\/es\/wp-json\/wp\/v2\/pages"}],"about":[{"href":"https:\/\/www.khorlanwealth.com\/es\/wp-json\/wp\/v2\/types\/page"}],"author":[{"embeddable":true,"href":"https:\/\/www.khorlanwealth.com\/es\/wp-json\/wp\/v2\/users\/1"}],"replies":[{"embeddable":true,"href":"https:\/\/www.khorlanwealth.com\/es\/wp-json\/wp\/v2\/comments?post=976"}],"version-history":[{"count":5,"href":"https:\/\/www.khorlanwealth.com\/es\/wp-json\/wp\/v2\/pages\/976\/revisions"}],"predecessor-version":[{"id":2261,"href":"https:\/\/www.khorlanwealth.com\/es\/wp-json\/wp\/v2\/pages\/976\/revisions\/2261"}],"wp:attachment":[{"href":"https:\/\/www.khorlanwealth.com\/es\/wp-json\/wp\/v2\/media?parent=976"}],"curies":[{"name":"wp","href":"https:\/\/api.w.org\/{rel}","templated":true}]}}