{"id":961,"date":"2026-01-04T16:02:22","date_gmt":"2026-01-04T16:02:22","guid":{"rendered":"https:\/\/khorlan.companysite.site\/?page_id=961"},"modified":"2026-02-15T08:52:16","modified_gmt":"2026-02-15T08:52:16","slug":"em-advisory","status":"publish","type":"page","link":"https:\/\/www.khorlanwealth.com\/es\/em-advisory\/","title":{"rendered":"Asesor\u00eda en Mercados Emergentes"},"content":{"rendered":"<div data-elementor-type=\"wp-page\" data-elementor-id=\"961\" class=\"elementor elementor-961\">\n\t\t\t\t<div class=\"elementor-element elementor-element-6c58017 e-flex e-con-boxed e-con e-parent\" data-id=\"6c58017\" data-element_type=\"container\" data-e-type=\"container\" data-settings=\"{&quot;background_background&quot;:&quot;video&quot;,&quot;background_video_link&quot;:&quot;\\\/wp-content\\\/uploads\\\/2026\\\/02\\\/dubai-water-sky.mp4&quot;,&quot;background_play_on_mobile&quot;:&quot;yes&quot;}\">\n\t\t\t\t\t<div class=\"e-con-inner\">\n\t\t<div class=\"elementor-background-video-container\">\n\t\t\t\t\t\t\t<video class=\"elementor-background-video-hosted\" role=\"presentation\" autoplay muted playsinline loop><\/video>\n\t\t\t\t\t<\/div><div class=\"elementor-element elementor-element-8a3852c e-con-full e-flex e-con e-child\" data-id=\"8a3852c\" data-element_type=\"container\" data-e-type=\"container\">\n\t\t\t\t<div class=\"elementor-element elementor-element-618ec5a elementor-widget elementor-widget-heading\" data-id=\"618ec5a\" data-element_type=\"widget\" data-e-type=\"widget\" data-widget_type=\"heading.default\">\n\t\t\t\t\t<h1 class=\"elementor-heading-title elementor-size-default\">Asesor\u00eda en Mercados Emergentes<\/h1>\t\t\t\t<\/div>\n\t\t\t\t<div class=\"elementor-element elementor-element-72b7de2 elementor-widget elementor-widget-heading\" data-id=\"72b7de2\" data-element_type=\"widget\" data-e-type=\"widget\" data-widget_type=\"heading.default\">\n\t\t\t\t\t<h5 class=\"elementor-heading-title elementor-size-default\">An\u00e1lisis especializado y asesor\u00eda estrat\u00e9gica para identificar oportunidades y gestionar riesgos en mercados emergentes.<\/h5>\t\t\t\t<\/div>\n\t\t\t\t<\/div>\n\t\t<div class=\"elementor-element elementor-element-dd345d8 e-con-full elementor-hidden-tablet elementor-hidden-mobile e-flex e-con e-child\" data-id=\"dd345d8\" data-element_type=\"container\" data-e-type=\"container\">\n\t\t\t\t<\/div>\n\t\t\t\t\t<\/div>\n\t\t\t\t<\/div>\n\t\t<div class=\"elementor-element elementor-element-e8f7f7f e-flex e-con-boxed e-con e-parent\" data-id=\"e8f7f7f\" data-element_type=\"container\" data-e-type=\"container\">\n\t\t\t\t\t<div class=\"e-con-inner\">\n\t\t<div class=\"elementor-element elementor-element-74ba504 e-con-full e-flex e-con e-child\" data-id=\"74ba504\" data-element_type=\"container\" data-e-type=\"container\">\n\t\t\t\t<div class=\"elementor-element elementor-element-8a64cfb elementor-widget elementor-widget-heading\" data-id=\"8a64cfb\" data-element_type=\"widget\" data-e-type=\"widget\" data-widget_type=\"heading.default\">\n\t\t\t\t\t<h2 class=\"elementor-heading-title elementor-size-default\">Asesor\u00eda Especializada en Mercados Emergentes<\/h2>\t\t\t\t<\/div>\n\t\t\t\t<div class=\"elementor-element elementor-element-b293f0a elementor-widget elementor-widget-text-editor\" data-id=\"b293f0a\" data-element_type=\"widget\" data-e-type=\"widget\" data-widget_type=\"text-editor.default\">\n\t\t\t\t\t\t\t\t\tNos especializamos en mercados emergentes, combinando d\u00e9cadas de experiencia regional con un enfoque estrat\u00e9gico de nivel institucional. Nuestro equipo de asesor\u00eda acompa\u00f1a a los inversionistas en econom\u00edas de alto crecimiento mediante un enfoque disciplinado, basado en investigaci\u00f3n, que abarca renta fija, renta variable y activos privados.\nCon un profundo entendimiento de las din\u00e1micas locales y de los flujos de capital globales, dise\u00f1amos soluciones orientadas a identificar oportunidades y gestionar riesgos. Desde bonos soberanos hasta oportunidades en capital privado, nuestro an\u00e1lisis integra una perspectiva global con conocimiento directo del terreno, ayudando a transformar la complejidad en claridad y el potencial en resultados sostenibles de largo plazo.\t\t\t\t\t\t\t\t<\/div>\n\t\t\t\t<\/div>\n\t\t<div class=\"elementor-element elementor-element-2d90aad e-con-full e-flex e-con e-child\" data-id=\"2d90aad\" data-element_type=\"container\" data-e-type=\"container\" data-settings=\"{&quot;background_background&quot;:&quot;classic&quot;}\">\n\t\t\t\t<\/div>\n\t\t\t\t\t<\/div>\n\t\t\t\t<\/div>\n\t\t<div class=\"elementor-element elementor-element-3c9263c e-flex e-con-boxed e-con e-parent\" data-id=\"3c9263c\" data-element_type=\"container\" data-e-type=\"container\">\n\t\t\t\t\t<div class=\"e-con-inner\">\n\t\t<div class=\"elementor-element elementor-element-dfe321b e-con-full e-flex e-con e-child\" data-id=\"dfe321b\" data-element_type=\"container\" data-e-type=\"container\">\n\t\t\t\t<div class=\"elementor-element elementor-element-028447a elementor-widget elementor-widget-heading\" data-id=\"028447a\" data-element_type=\"widget\" data-e-type=\"widget\" data-widget_type=\"heading.default\">\n\t\t\t\t\t<h3 class=\"elementor-heading-title elementor-size-default\">Asesor\u00eda en Mercados Emergentes<\/h3>\t\t\t\t<\/div>\n\t\t\t\t<div class=\"elementor-element elementor-element-49c9586 elementor-widget elementor-widget-text-editor\" data-id=\"49c9586\" data-element_type=\"widget\" data-e-type=\"widget\" data-widget_type=\"text-editor.default\">\n\t\t\t\t\t\t\t\t\t<p>Ofrecemos estrategias de inversi\u00f3n especializadas, enfocadas en el dinamismo y las oportunidades propias de los mercados emergentes y de frontera. Ya sea a trav\u00e9s de cr\u00e9dito, renta variable, bienes ra\u00edces o inversiones privadas, nuestro equipo trabaja para que tu portafolio logre un equilibrio adecuado entre riesgo y retorno.<\/p><p>Al combinar inteligencia regional profunda con disciplina y perspectiva global, ayudamos a nuestros clientes a navegar la volatilidad de los mercados, construyendo portafolios resilientes, diversificados y alineados con sus objetivos estrat\u00e9gicos.<\/p>\t\t\t\t\t\t\t\t<\/div>\n\t\t\t\t<\/div>\n\t\t<div class=\"elementor-element elementor-element-f64b9f9 e-con-full e-flex e-con e-child\" data-id=\"f64b9f9\" data-element_type=\"container\" data-e-type=\"container\">\n\t\t<div class=\"elementor-element elementor-element-66c6fbc e-con-full e-flex e-con e-child\" data-id=\"66c6fbc\" data-element_type=\"container\" data-e-type=\"container\" data-settings=\"{&quot;background_background&quot;:&quot;classic&quot;}\">\n\t\t\t\t<\/div>\n\t\t<div class=\"elementor-element elementor-element-60c2a70 e-con-full e-flex e-con e-child\" data-id=\"60c2a70\" data-element_type=\"container\" data-e-type=\"container\">\n\t\t\t\t<div class=\"elementor-element elementor-element-ec473d6 elementor-widget elementor-widget-text-editor\" data-id=\"ec473d6\" data-element_type=\"widget\" data-e-type=\"widget\" data-widget_type=\"text-editor.default\">\n\t\t\t\t\t\t\t\t\tTe acompa\u00f1amos para identificar oportunidades a nivel global mediante una estrategia disciplinada y un entendimiento profundo de las realidades locales.\t\t\t\t\t\t\t\t<\/div>\n\t\t<div class=\"elementor-element elementor-element-0706c1b e-con-full e-flex e-con e-child\" data-id=\"0706c1b\" data-element_type=\"container\" data-e-type=\"container\" data-settings=\"{&quot;background_background&quot;:&quot;classic&quot;}\">\n\t\t\t\t<\/div>\n\t\t\t\t<\/div>\n\t\t\t\t<\/div>\n\t\t\t\t\t<\/div>\n\t\t\t\t<\/div>\n\t\t<div class=\"elementor-element elementor-element-8336b68 e-flex e-con-boxed e-con e-parent\" data-id=\"8336b68\" data-element_type=\"container\" data-e-type=\"container\">\n\t\t\t\t\t<div class=\"e-con-inner\">\n\t\t<div class=\"elementor-element elementor-element-5c47e45 e-grid e-con-full e-con e-child\" data-id=\"5c47e45\" data-element_type=\"container\" data-e-type=\"container\">\n\t\t<div class=\"elementor-element elementor-element-debf98e e-con-full adv-card e-flex e-con e-child\" data-id=\"debf98e\" data-element_type=\"container\" data-e-type=\"container\">\n\t\t\t\t<div class=\"elementor-element elementor-element-d52a289 elementor-view-default elementor-widget elementor-widget-icon\" data-id=\"d52a289\" data-element_type=\"widget\" data-e-type=\"widget\" data-widget_type=\"icon.default\">\n\t\t\t\t\t\t\t<div class=\"elementor-icon-wrapper\">\n\t\t\t<div class=\"elementor-icon\">\n\t\t\t<svg xmlns=\"http:\/\/www.w3.org\/2000\/svg\" width=\"350px\" height=\"350px\" data-name=\"Layer 1\" viewbox=\"0 0 350 350\"><path d=\"M175 350c-15.35 0-27.35-11.5-37.94-21.65-6.46-6.19-13.14-12.59-19.32-15.16-5.75-2.38-14.28-2.51-23.32-2.65-14.93-.22-31.85-.48-43.16-11.8s-11.61-28.23-11.8-43.15c-.14-9-.27-17.58-2.65-23.34-2.57-6.17-9-12.85-15.16-19.31C11.5 202.35 0 190.34 0 175s11.5-27.35 21.65-37.94c6.19-6.46 12.59-13.14 15.16-19.32 2.38-5.75 2.51-14.28 2.65-23.32.22-14.93.48-31.85 11.8-43.16s28.23-11.58 43.16-11.8c9-.14 17.57-.27 23.34-2.65 6.22-2.58 12.91-9 19.38-15.21C147.7 11.48 159.65 0 175 0s27.35 11.5 37.94 21.65c6.46 6.19 13.14 12.59 19.32 15.16 5.75 2.38 14.29 2.51 23.33 2.65 14.92.22 31.84.48 43.15 11.8s11.58 28.23 11.8 43.15c.14 9 .27 17.58 2.65 23.35 2.58 6.22 9 12.91 15.21 19.38C338.52 147.7 350 159.67 350 175s-11.5 27.35-21.65 37.94c-6.19 6.46-12.59 13.14-15.16 19.33-2.38 5.74-2.51 14.28-2.65 23.32-.22 14.92-.48 31.84-11.8 43.15s-28.23 11.58-43.15 11.8c-9 .14-17.58.27-23.35 2.65-6.16 2.57-12.84 9-19.3 15.16C202.35 338.5 190.35 350 175 350m0-330.91c-7.65 0-16.29 8.28-24.64 16.3-7.71 7.42-15.71 15.11-25.31 19.06-9.12 3.77-19.91 3.94-30.34 4.09-11.85.18-24.11.37-30 6.21s-6 18.11-6.21 30c-.15 10.43-.32 21.22-4.09 30.34-4 9.5-11.61 17.49-19 25.22-8 8.38-16.35 17.06-16.35 24.73s8.31 16.34 16.35 24.73c7.4 7.73 15.06 15.72 19 25.2 3.78 9.16 4 19.94 4.1 30.37.18 11.85.37 24.1 6.21 30s18.11 6 30 6.2c10.43.16 21.22.33 30.34 4.1 9.5 4 17.49 11.61 25.22 19 8.38 8 17.06 16.35 24.73 16.35s16.35-8.31 24.73-16.35c7.73-7.4 15.72-15.06 25.2-19 9.15-3.78 19.94-3.95 30.37-4.11 11.85-.18 24.1-.36 30-6.2s6-18.1 6.21-29.95c.15-10.43.32-21.21 4.09-30.35 3.95-9.5 11.61-17.49 19-25.22 8-8.39 16.35-17.06 16.35-24.73s-8.31-16.34-16.31-24.69c-7.42-7.75-15.11-15.76-19.06-25.31-3.77-9.13-3.94-19.92-4.09-30.35-.18-11.85-.37-24.1-6.21-29.95s-18.1-6-30-6.21c-10.43-.15-21.22-.32-30.35-4.09-9.5-4-17.49-11.61-25.22-19-8.37-8.08-17.07-16.39-24.72-16.39\" class=\"cls-1\"><\/path><path d=\"M124.09 159.09a35 35 0 1 1 35-35 35 35 0 0 1-35 35m0-50.91A15.91 15.91 0 1 0 140 124.09a15.91 15.91 0 0 0-15.91-15.91m101.82 152.76a35 35 0 1 1 35-35 35 35 0 0 1-35 35m0-50.91a15.91 15.91 0 1 0 15.91 15.91 15.91 15.91 0 0 0-15.91-15.91m-114.55 38.15a9.54 9.54 0 0 1-6.71-16.24l127.24-127.33a9.55 9.55 0 0 1 13.5 13.5L118.11 245.39a9.5 9.5 0 0 1-6.75 2.79\" class=\"cls-1\"><\/path><\/svg>\t\t\t<\/div>\n\t\t<\/div>\n\t\t\t\t\t\t<\/div>\n\t\t\t\t<div class=\"elementor-element elementor-element-93b3458 elementor-widget elementor-widget-heading\" data-id=\"93b3458\" data-element_type=\"widget\" data-e-type=\"widget\" data-widget_type=\"heading.default\">\n\t\t\t\t\t<h6 class=\"elementor-heading-title elementor-size-default\">EM Fixed Income<\/h6>\t\t\t\t<\/div>\n\t\t\t\t<\/div>\n\t\t<div class=\"elementor-element elementor-element-acb0d3e e-con-full adv-card e-flex e-con e-child\" data-id=\"acb0d3e\" data-element_type=\"container\" data-e-type=\"container\">\n\t\t\t\t<div class=\"elementor-element elementor-element-a3d0479 elementor-view-default elementor-widget elementor-widget-icon\" data-id=\"a3d0479\" data-element_type=\"widget\" data-e-type=\"widget\" data-widget_type=\"icon.default\">\n\t\t\t\t\t\t\t<div class=\"elementor-icon-wrapper\">\n\t\t\t<div class=\"elementor-icon\">\n\t\t\t<svg xmlns=\"http:\/\/www.w3.org\/2000\/svg\" width=\"350px\" height=\"350px\" data-name=\"Layer 1\" viewbox=\"0 0 349.69 295.42\"><path d=\"M339.71 274.87H20.58v-40.38l99.51-99.51 47.63 47.58a10.31 10.31 0 0 0 14.56 0l106-106v43.78a10.29 10.29 0 0 0 20.58 0V51.79a6.6 6.6 0 0 0 0-1 2.4 2.4 0 0 0-.07-.47 3 3 0 0 0-.08-.53 3 3 0 0 0-.13-.53 1.7 1.7 0 0 0-.11-.44c0-.14-.12-.35-.18-.52s-.1-.29-.16-.43-.15-.33-.23-.49-.13-.29-.2-.42-.19-.33-.29-.49-.14-.25-.22-.37-.28-.39-.43-.58-.11-.16-.17-.23a10 10 0 0 0-1.54-1.42l-.19-.14a5 5 0 0 0-.62-.46l-.34-.2a3.4 3.4 0 0 0-.52-.31l-.39-.19c-.17-.08-.34-.17-.52-.24l-.41-.15-.54-.19-.43-.11a3 3 0 0 0-.54-.13 3 3 0 0 0-.53-.08 2.4 2.4 0 0 0-.47-.07c-.33 0-.67-.05-1-.05h-68.6a10.3 10.3 0 0 0 0 20.59h43.73L175 160.76l-47.62-47.62a10.3 10.3 0 0 0-14.56 0l-92.24 92.23V10.62A10.3 10.3 0 0 0 0 9.97v275.15a10.31 10.31 0 0 0 10.29 10.3h329.42a10.3 10.3 0 0 0 0-20.59Z\"><\/path><\/svg>\t\t\t<\/div>\n\t\t<\/div>\n\t\t\t\t\t\t<\/div>\n\t\t\t\t<div class=\"elementor-element elementor-element-ca241e7 elementor-widget elementor-widget-heading\" data-id=\"ca241e7\" data-element_type=\"widget\" data-e-type=\"widget\" data-widget_type=\"heading.default\">\n\t\t\t\t\t<h6 class=\"elementor-heading-title elementor-size-default\">EM Equities<\/h6>\t\t\t\t<\/div>\n\t\t\t\t<\/div>\n\t\t<div class=\"elementor-element elementor-element-b234f57 e-con-full adv-card e-flex e-con e-child\" data-id=\"b234f57\" data-element_type=\"container\" data-e-type=\"container\">\n\t\t\t\t<div class=\"elementor-element elementor-element-5ea09e8 elementor-view-default elementor-widget elementor-widget-icon\" data-id=\"5ea09e8\" data-element_type=\"widget\" data-e-type=\"widget\" data-widget_type=\"icon.default\">\n\t\t\t\t\t\t\t<div class=\"elementor-icon-wrapper\">\n\t\t\t<div class=\"elementor-icon\">\n\t\t\t<svg xmlns=\"http:\/\/www.w3.org\/2000\/svg\" width=\"350px\" height=\"350px\" data-name=\"Layer 1\" viewbox=\"0 0 324.55 350\"><path d=\"M162.27 350a9.77 9.77 0 0 1-4.81-1.3L4.73 259.61a9.55 9.55 0 0 1 9.62-16.49l147.92 86.29 147.92-86.29a9.55 9.55 0 0 1 9.62 16.49l-152.73 89.11a9.77 9.77 0 0 1-4.81 1.3\" class=\"cls-1\"><\/path><path d=\"M162.27 273.64a9.77 9.77 0 0 1-4.81-1.3L4.73 183.25a9.563 9.563 0 0 1 9.62-16.53l147.92 86.25 147.92-86.25a9.55 9.55 0 0 1 9.62 16.5l-152.73 89.12a9.77 9.77 0 0 1-4.81 1.3\" class=\"cls-1\"><\/path><path d=\"M162.27 197.27a9.56 9.56 0 0 1-4.81-1.3L4.73 106.88A9.57 9.57 0 0 1 1.3 93.81a9.45 9.45 0 0 1 3.43-3.42L157.46 1.3a9.52 9.52 0 0 1 9.62 0l152.73 89.09a9.55 9.55 0 0 1 0 16.49L167.08 196a9.53 9.53 0 0 1-4.81 1.27M28.49 98.64l133.78 78 133.78-78-133.78-78Z\" class=\"cls-1\"><\/path><\/svg>\t\t\t<\/div>\n\t\t<\/div>\n\t\t\t\t\t\t<\/div>\n\t\t\t\t<div class=\"elementor-element elementor-element-f23c67a elementor-widget elementor-widget-heading\" data-id=\"f23c67a\" data-element_type=\"widget\" data-e-type=\"widget\" data-widget_type=\"heading.default\">\n\t\t\t\t\t<h6 class=\"elementor-heading-title elementor-size-default\">EM Funds<\/h6>\t\t\t\t<\/div>\n\t\t\t\t<\/div>\n\t\t<div class=\"elementor-element elementor-element-7674c06 e-con-full adv-card e-flex e-con e-child\" data-id=\"7674c06\" data-element_type=\"container\" data-e-type=\"container\">\n\t\t\t\t<div class=\"elementor-element elementor-element-f824f4d elementor-view-default elementor-widget elementor-widget-icon\" data-id=\"f824f4d\" data-element_type=\"widget\" data-e-type=\"widget\" data-widget_type=\"icon.default\">\n\t\t\t\t\t\t\t<div class=\"elementor-icon-wrapper\">\n\t\t\t<div class=\"elementor-icon\">\n\t\t\t<svg xmlns=\"http:\/\/www.w3.org\/2000\/svg\" width=\"350px\" height=\"350px\" xml:space=\"preserve\" x=\"0px\" y=\"0px\" viewbox=\"0 0 350 350\"><path d=\"M340.5 330.9h-41.4V19.1H315c5.3.2 9.7-4 9.9-9.2s-4-9.7-9.2-9.9H35c-5.3-.2-9.7 4-9.9 9.2-.2 5.3 4 9.7 9.2 9.9h16.5v311.8H9.6c-5.3-.2-9.7 4-9.9 9.2-.2 5.3 4 9.7 9.2 9.9h331.5c5.3.2 9.7-4 9.9-9.2.2-5.3-4-9.7-9.2-9.9zM70 19.1h210v311.8h-57.3v-66.8c0-5.3-4.3-9.5-9.6-9.5h-76.4c-5.3 0-9.5 4.3-9.6 9.5v66.8H70zm133.6 311.8h-57.3v-57.3h57.3z\"><\/path><path d=\"M124.1 82.7h25.5c5.3-.2 9.4-4.6 9.2-9.9-.2-5-4.2-9.1-9.2-9.2h-25.5c-5.3.2-9.4 4.6-9.2 9.9.1 5 4.2 9.1 9.2 9.2m76.3 0h25.5c5.3-.2 9.4-4.6 9.2-9.9-.2-5-4.2-9.1-9.2-9.2h-25.5c-5.3.2-9.4 4.6-9.2 9.9.2 5 4.2 9.1 9.2 9.2m-76.3 63.7h25.5c5.3-.2 9.4-4.6 9.2-9.9-.2-5-4.2-9.1-9.2-9.2h-25.5c-5.3.2-9.4 4.6-9.2 9.9.1 5 4.2 9 9.2 9.2m76.3 0h25.5c5.3-.2 9.4-4.6 9.2-9.9-.2-5-4.2-9.1-9.2-9.2h-25.5c-5.3.2-9.4 4.6-9.2 9.9.2 5 4.2 9 9.2 9.2M149.6 210c5.3-.2 9.4-4.6 9.2-9.9-.2-5-4.2-9.1-9.2-9.2h-25.5c-5.3.2-9.4 4.6-9.2 9.9.2 5 4.2 9.1 9.2 9.2zm50.8 0h25.5c5.3-.2 9.4-4.6 9.2-9.9-.2-5-4.2-9.1-9.2-9.2h-25.5c-5.3.2-9.4 4.6-9.2 9.9.2 5 4.2 9 9.2 9.2\"><\/path><\/svg>\t\t\t<\/div>\n\t\t<\/div>\n\t\t\t\t\t\t<\/div>\n\t\t\t\t<div class=\"elementor-element elementor-element-3c681b9 elementor-widget elementor-widget-heading\" data-id=\"3c681b9\" data-element_type=\"widget\" data-e-type=\"widget\" data-widget_type=\"heading.default\">\n\t\t\t\t\t<h6 class=\"elementor-heading-title elementor-size-default\">Private Equity<\/h6>\t\t\t\t<\/div>\n\t\t\t\t<\/div>\n\t\t<div class=\"elementor-element elementor-element-b28b68f e-con-full adv-card e-flex e-con e-child\" data-id=\"b28b68f\" data-element_type=\"container\" data-e-type=\"container\">\n\t\t\t\t<div class=\"elementor-element elementor-element-75d7678 elementor-view-default elementor-widget elementor-widget-icon\" data-id=\"75d7678\" data-element_type=\"widget\" data-e-type=\"widget\" data-widget_type=\"icon.default\">\n\t\t\t\t\t\t\t<div class=\"elementor-icon-wrapper\">\n\t\t\t<div class=\"elementor-icon\">\n\t\t\t<svg xmlns=\"http:\/\/www.w3.org\/2000\/svg\" width=\"350px\" height=\"350px\" data-name=\"Layer 1\" viewbox=\"0 0 350.62 324.55\"><path d=\"M143.49 241.81H98.96a9.55 9.55 0 0 0-.62 19.09h45.16a9.55 9.55 0 0 0 .62-19.09h-.62m108.17 0h-44.54a9.55 9.55 0 0 0-.62 19.09h45.16a9.55 9.55 0 0 0 .62-19.09z\" class=\"cls-1\"><\/path><path d=\"M340.76 305.45h-15.9V187.72a10 10 0 0 0-.1-1.35L300.9 19.13A22.26 22.26 0 0 0 278.9 0h-28.88a23 23 0 0 0-14.64 5.43 22.3 22.3 0 0 0-7.42 13.69l-19.17 134.05-65.94-49.45a9.55 9.55 0 0 0-15.27 7.64v57.27l-86.54-64.91a9.55 9.55 0 0 0-15.28 7.64v194.09H9.86a9.55 9.55 0 0 0-.62 19.09h331.52a9.55 9.55 0 0 0 .62-19.09zm-94-283.63a3.21 3.21 0 0 1 3.2-2.73h28.87a3.2 3.2 0 0 1 3.13 2.73l22.35 156.36h-62.18l-15.92-11.88ZM44.86 130.45l86.54 64.91a9.53 9.53 0 0 0 15.27-7.64v-57.27l86.55 64.91a9.4 9.4 0 0 0 5.74 1.94h66.8v108.15H44.86Z\" class=\"cls-1\"><\/path><\/svg>\t\t\t<\/div>\n\t\t<\/div>\n\t\t\t\t\t\t<\/div>\n\t\t\t\t<div class=\"elementor-element elementor-element-2d0636d elementor-widget elementor-widget-heading\" data-id=\"2d0636d\" data-element_type=\"widget\" data-e-type=\"widget\" data-widget_type=\"heading.default\">\n\t\t\t\t\t<h6 class=\"elementor-heading-title elementor-size-default\">Real Estate<\/h6>\t\t\t\t<\/div>\n\t\t\t\t<\/div>\n\t\t\t\t<\/div>\n\t\t\t\t\t<\/div>\n\t\t\t\t<\/div>\n\t\t<div class=\"elementor-element elementor-element-cf3821e e-flex e-con-boxed e-con e-parent\" data-id=\"cf3821e\" data-element_type=\"container\" data-e-type=\"container\" data-settings=\"{&quot;background_background&quot;:&quot;classic&quot;}\">\n\t\t\t\t\t<div class=\"e-con-inner\">\n\t\t<div class=\"elementor-element elementor-element-c5c01ff e-con-full e-flex e-con e-child\" data-id=\"c5c01ff\" data-element_type=\"container\" data-e-type=\"container\">\n\t\t\t\t<div class=\"elementor-element elementor-element-8861ba9 elementor-widget elementor-widget-heading\" data-id=\"8861ba9\" data-element_type=\"widget\" data-e-type=\"widget\" data-widget_type=\"heading.default\">\n\t\t\t\t\t<h1 class=\"elementor-heading-title elementor-size-default\">Todo comienza contigo<\/h1>\t\t\t\t<\/div>\n\t\t\t\t<div class=\"elementor-element elementor-element-d559725 elementor-widget elementor-widget-heading\" data-id=\"d559725\" data-element_type=\"widget\" data-e-type=\"widget\" data-widget_type=\"heading.default\">\n\t\t\t\t\t<h5 class=\"elementor-heading-title elementor-size-default\">Tu camino financiero es \u00fanico. Construyamos juntos una estrategia que refleje tus objetivos, tus valores y tus aspiraciones.<\/h5>\t\t\t\t<\/div>\n\t\t\t\t<div class=\"elementor-element elementor-element-18e9e95 elementor-align-right custom-btn-cornerstone elementor-tablet-align-center elementor-mobile-align-center elementor-widget__width-inherit elementor-widget elementor-widget-button\" data-id=\"18e9e95\" data-element_type=\"widget\" data-e-type=\"widget\" data-widget_type=\"button.default\">\n\t\t\t\t\t\t\t\t\t\t<a class=\"elementor-button elementor-button-link elementor-size-sm\" href=\"\/es\/contact\/\">\n\t\t\t\t\t\t<span class=\"elementor-button-content-wrapper\">\n\t\t\t\t\t\t\t\t\t<span class=\"elementor-button-text\">Cont\u00e1ctanos<\/span>\n\t\t\t\t\t<\/span>\n\t\t\t\t\t<\/a>\n\t\t\t\t\t\t\t\t<\/div>\n\t\t\t\t<\/div>\n\t\t\t\t\t<\/div>\n\t\t\t\t<\/div>\n\t\t\t\t<\/div>","protected":false},"excerpt":{"rendered":"<p>Emerging Markets Advisory Expert guidance for navigating emerging markets with confidence, insight, and strategic precision. Specialized Emerging Markets Advisory We specialize in emerging markets, combining decades of regional expertise with institutional-grade strategy. Our advisory team helps investors navigate high-growth economies through disciplined, research-driven approaches across fixed income, equities, and private markets.With a deep understanding of [&hellip;]<\/p>\n","protected":false},"author":1,"featured_media":0,"parent":0,"menu_order":5,"comment_status":"closed","ping_status":"closed","template":"","meta":{"footnotes":""},"class_list":["post-961","page","type-page","status-publish","hentry"],"_links":{"self":[{"href":"https:\/\/www.khorlanwealth.com\/es\/wp-json\/wp\/v2\/pages\/961","targetHints":{"allow":["GET"]}}],"collection":[{"href":"https:\/\/www.khorlanwealth.com\/es\/wp-json\/wp\/v2\/pages"}],"about":[{"href":"https:\/\/www.khorlanwealth.com\/es\/wp-json\/wp\/v2\/types\/page"}],"author":[{"embeddable":true,"href":"https:\/\/www.khorlanwealth.com\/es\/wp-json\/wp\/v2\/users\/1"}],"replies":[{"embeddable":true,"href":"https:\/\/www.khorlanwealth.com\/es\/wp-json\/wp\/v2\/comments?post=961"}],"version-history":[{"count":5,"href":"https:\/\/www.khorlanwealth.com\/es\/wp-json\/wp\/v2\/pages\/961\/revisions"}],"predecessor-version":[{"id":1924,"href":"https:\/\/www.khorlanwealth.com\/es\/wp-json\/wp\/v2\/pages\/961\/revisions\/1924"}],"wp:attachment":[{"href":"https:\/\/www.khorlanwealth.com\/es\/wp-json\/wp\/v2\/media?parent=961"}],"curies":[{"name":"wp","href":"https:\/\/api.w.org\/{rel}","templated":true}]}}