{"id":946,"date":"2026-01-04T15:31:24","date_gmt":"2026-01-04T15:31:24","guid":{"rendered":"https:\/\/khorlan.companysite.site\/?page_id=946"},"modified":"2026-01-13T01:50:51","modified_gmt":"2026-01-13T01:50:51","slug":"family-office","status":"publish","type":"page","link":"https:\/\/www.khorlanwealth.com\/es\/family-office\/","title":{"rendered":"Servicios de Family Office"},"content":{"rendered":"<div data-elementor-type=\"wp-page\" data-elementor-id=\"946\" class=\"elementor elementor-946\">\n\t\t\t\t<div class=\"elementor-element elementor-element-e588961 e-flex e-con-boxed e-con e-parent\" data-id=\"e588961\" data-element_type=\"container\" data-e-type=\"container\" data-settings=\"{&quot;background_background&quot;:&quot;classic&quot;}\">\n\t\t\t\t\t<div class=\"e-con-inner\">\n\t\t<div class=\"elementor-element elementor-element-a74f4c8 e-con-full e-flex e-con e-child\" data-id=\"a74f4c8\" data-element_type=\"container\" data-e-type=\"container\">\n\t\t\t\t<div class=\"elementor-element elementor-element-ea2a418 elementor-widget elementor-widget-heading\" data-id=\"ea2a418\" data-element_type=\"widget\" data-e-type=\"widget\" data-widget_type=\"heading.default\">\n\t\t\t\t\t<h1 class=\"elementor-heading-title elementor-size-default\">Servicios de Family Office<\/h1>\t\t\t\t<\/div>\n\t\t\t\t<div class=\"elementor-element elementor-element-07b95fe elementor-widget elementor-widget-heading\" data-id=\"07b95fe\" data-element_type=\"widget\" data-e-type=\"widget\" data-widget_type=\"heading.default\">\n\t\t\t\t\t<h5 class=\"elementor-heading-title elementor-size-default\">Soluciones patrimoniales integrales dise\u00f1adas para preservar y hacer crecer el capital familiar a lo largo de las generaciones.<\/h5>\t\t\t\t<\/div>\n\t\t\t\t<\/div>\n\t\t<div class=\"elementor-element elementor-element-63e6116 e-con-full elementor-hidden-tablet elementor-hidden-mobile e-flex e-con e-child\" data-id=\"63e6116\" data-element_type=\"container\" data-e-type=\"container\">\n\t\t\t\t<\/div>\n\t\t\t\t\t<\/div>\n\t\t\t\t<\/div>\n\t\t<div class=\"elementor-element elementor-element-39d0040 e-flex e-con-boxed e-con e-parent\" data-id=\"39d0040\" data-element_type=\"container\" data-e-type=\"container\">\n\t\t\t\t\t<div class=\"e-con-inner\">\n\t\t<div class=\"elementor-element elementor-element-ceaf002 e-con-full e-flex e-con e-child\" data-id=\"ceaf002\" data-element_type=\"container\" data-e-type=\"container\" data-settings=\"{&quot;background_background&quot;:&quot;classic&quot;}\">\n\t\t\t\t<div class=\"elementor-element elementor-element-917ffc1 elementor-widget elementor-widget-heading\" data-id=\"917ffc1\" data-element_type=\"widget\" data-e-type=\"widget\" data-widget_type=\"heading.default\">\n\t\t\t\t\t<h4 class=\"elementor-heading-title elementor-size-default\">Nuestro Enfoque<\/h4>\t\t\t\t<\/div>\n\t\t\t\t<div class=\"elementor-element elementor-element-18dcf13 elementor-widget elementor-widget-text-editor\" data-id=\"18dcf13\" data-element_type=\"widget\" data-e-type=\"widget\" data-widget_type=\"text-editor.default\">\n\t\t\t\t\t\t\t\t\t<p>Ofrecemos servicios integrales de family office, dise\u00f1ados para preservar y hacer crecer el patrimonio familiar a lo largo de las generaciones.<\/p><p>Nuestro enfoque combina planificaci\u00f3n estrat\u00e9gica, gesti\u00f3n de inversiones y asesor\u00eda en sucesi\u00f3n patrimonial, adaptadas a la visi\u00f3n, los valores y las prioridades de cada familia.<\/p><p>Con un firme compromiso con la discreci\u00f3n, la confianza y las relaciones de largo plazo, acompa\u00f1amos a las familias en la gesti\u00f3n de entornos financieros complejos, aportando claridad, estructura y tranquilidad patrimonial.<\/p>\t\t\t\t\t\t\t\t<\/div>\n\t\t\t\t<\/div>\n\t\t<div class=\"elementor-element elementor-element-8ca3468 e-con-full e-flex e-con e-child\" data-id=\"8ca3468\" data-element_type=\"container\" data-e-type=\"container\" data-settings=\"{&quot;background_background&quot;:&quot;classic&quot;}\">\n\t\t\t\t<\/div>\n\t\t\t\t\t<\/div>\n\t\t\t\t<\/div>\n\t\t<div class=\"elementor-element elementor-element-519a3d9 e-flex e-con-boxed e-con e-parent\" data-id=\"519a3d9\" data-element_type=\"container\" data-e-type=\"container\">\n\t\t\t\t\t<div class=\"e-con-inner\">\n\t\t<div class=\"elementor-element elementor-element-969990c e-con-full e-flex e-con e-child\" data-id=\"969990c\" data-element_type=\"container\" data-e-type=\"container\" data-settings=\"{&quot;background_background&quot;:&quot;classic&quot;}\">\n\t\t\t\t<\/div>\n\t\t<div class=\"elementor-element elementor-element-8a6510f e-con-full e-flex e-con e-child\" data-id=\"8a6510f\" data-element_type=\"container\" data-e-type=\"container\" data-settings=\"{&quot;background_background&quot;:&quot;classic&quot;}\">\n\t\t\t\t<div class=\"elementor-element elementor-element-aaa759c elementor-widget elementor-widget-heading\" data-id=\"aaa759c\" data-element_type=\"widget\" data-e-type=\"widget\" data-widget_type=\"heading.default\">\n\t\t\t\t\t<h4 class=\"elementor-heading-title elementor-size-default\">Gesti\u00f3n de Patrimonio Generacional<\/h4>\t\t\t\t<\/div>\n\t\t\t\t<div class=\"elementor-element elementor-element-7f37f8e elementor-widget elementor-widget-text-editor\" data-id=\"7f37f8e\" data-element_type=\"widget\" data-e-type=\"widget\" data-widget_type=\"text-editor.default\">\n\t\t\t\t\t\t\t\t\t<p>Ayudamos a las familias a construir, gestionar y transferir su patrimonio de manera ordenada a lo largo de las generaciones.<\/p><p>A trav\u00e9s de estrategias de inversi\u00f3n diversificadas y una planificaci\u00f3n patrimonial con visi\u00f3n de futuro, trabajamos para que tu portafolio se mantenga resiliente y alineado con tus objetivos de largo plazo.<\/p><p>Ya sea con un enfoque en preservaci\u00f3n o crecimiento, conectamos tu legado con oportunidades sostenibles en el tiempo.<\/p>\t\t\t\t\t\t\t\t<\/div>\n\t\t\t\t<\/div>\n\t\t\t\t\t<\/div>\n\t\t\t\t<\/div>\n\t\t<div class=\"elementor-element elementor-element-f898e25 e-flex e-con-boxed e-con e-parent\" data-id=\"f898e25\" data-element_type=\"container\" data-e-type=\"container\" data-settings=\"{&quot;background_background&quot;:&quot;classic&quot;}\">\n\t\t\t\t\t<div class=\"e-con-inner\">\n\t\t<div class=\"elementor-element elementor-element-f29ebe5 e-con-full e-flex e-con e-child\" data-id=\"f29ebe5\" data-element_type=\"container\" data-e-type=\"container\">\n\t\t\t\t<div class=\"elementor-element elementor-element-e76754a elementor-widget elementor-widget-heading\" data-id=\"e76754a\" data-element_type=\"widget\" data-e-type=\"widget\" data-widget_type=\"heading.default\">\n\t\t\t\t\t<h1 class=\"elementor-heading-title elementor-size-default\">Todo comienza contigo<\/h1>\t\t\t\t<\/div>\n\t\t\t\t<div class=\"elementor-element elementor-element-065dae3 elementor-widget elementor-widget-heading\" data-id=\"065dae3\" data-element_type=\"widget\" data-e-type=\"widget\" data-widget_type=\"heading.default\">\n\t\t\t\t\t<h5 class=\"elementor-heading-title elementor-size-default\">Tu camino financiero es \u00fanico. Construyamos juntos una estrategia que refleje tus objetivos, tus valores y tus aspiraciones.<\/h5>\t\t\t\t<\/div>\n\t\t\t\t<div class=\"elementor-element elementor-element-ce4a3c4 elementor-align-left custom-btn-cornerstone elementor-mobile-align-center elementor-widget__width-inherit elementor-widget elementor-widget-button\" data-id=\"ce4a3c4\" data-element_type=\"widget\" data-e-type=\"widget\" data-widget_type=\"button.default\">\n\t\t\t\t\t\t\t\t\t\t<a class=\"elementor-button elementor-button-link elementor-size-sm\" href=\"\/es\/contact\/\">\n\t\t\t\t\t\t<span class=\"elementor-button-content-wrapper\">\n\t\t\t\t\t\t\t\t\t<span class=\"elementor-button-text\">Cont\u00e1ctanos<\/span>\n\t\t\t\t\t<\/span>\n\t\t\t\t\t<\/a>\n\t\t\t\t\t\t\t\t<\/div>\n\t\t\t\t<\/div>\n\t\t\t\t\t<\/div>\n\t\t\t\t<\/div>\n\t\t\t\t<\/div>","protected":false},"excerpt":{"rendered":"<p>Family Office Services Comprehensive wealth solutions designed to preserve and grow family capital across generations. Our Approach We provide comprehensive family office services designed to preserve and grow wealth across generations. Our approach combines strategic planning, investment management, and succession guidance tailored to each family\u2019s vision and values. With a commitment to discretion, trust, and [&hellip;]<\/p>\n","protected":false},"author":1,"featured_media":0,"parent":0,"menu_order":4,"comment_status":"closed","ping_status":"closed","template":"","meta":{"footnotes":""},"class_list":["post-946","page","type-page","status-publish","hentry"],"_links":{"self":[{"href":"https:\/\/www.khorlanwealth.com\/es\/wp-json\/wp\/v2\/pages\/946","targetHints":{"allow":["GET"]}}],"collection":[{"href":"https:\/\/www.khorlanwealth.com\/es\/wp-json\/wp\/v2\/pages"}],"about":[{"href":"https:\/\/www.khorlanwealth.com\/es\/wp-json\/wp\/v2\/types\/page"}],"author":[{"embeddable":true,"href":"https:\/\/www.khorlanwealth.com\/es\/wp-json\/wp\/v2\/users\/1"}],"replies":[{"embeddable":true,"href":"https:\/\/www.khorlanwealth.com\/es\/wp-json\/wp\/v2\/comments?post=946"}],"version-history":[{"count":5,"href":"https:\/\/www.khorlanwealth.com\/es\/wp-json\/wp\/v2\/pages\/946\/revisions"}],"predecessor-version":[{"id":1619,"href":"https:\/\/www.khorlanwealth.com\/es\/wp-json\/wp\/v2\/pages\/946\/revisions\/1619"}],"wp:attachment":[{"href":"https:\/\/www.khorlanwealth.com\/es\/wp-json\/wp\/v2\/media?parent=946"}],"curies":[{"name":"wp","href":"https:\/\/api.w.org\/{rel}","templated":true}]}}